{"id":5851,"date":"2019-04-03T09:45:08","date_gmt":"2019-04-03T07:45:08","guid":{"rendered":"https:\/\/tonyestruch.com\/geniotipo-genius-type\/"},"modified":"2023-04-19T19:07:57","modified_gmt":"2023-04-19T17:07:57","slug":"geniotipo-genius-type","status":"publish","type":"page","link":"https:\/\/tonyestruch.com\/en\/geniotipo-genius-type\/","title":{"rendered":"Geniotipo (Genius-type)"},"content":{"rendered":"\t\t<div data-elementor-type=\"wp-post\" data-elementor-id=\"5851\" class=\"elementor elementor-5851 elementor-231\" data-elementor-post-type=\"page\">\n\t\t\t\t\t\t<section class=\"elementor-section elementor-top-section elementor-element elementor-element-7c70e23 elementor-section-stretched elementor-section-height-min-height elementor-section-boxed elementor-section-height-default elementor-section-items-middle\" data-id=\"7c70e23\" data-element_type=\"section\" data-e-type=\"section\" data-settings=\"{&quot;stretch_section&quot;:&quot;section-stretched&quot;,&quot;background_background&quot;:&quot;classic&quot;,&quot;shape_divider_bottom&quot;:&quot;tilt&quot;,&quot;dotlife_ext_is_background_parallax&quot;:&quot;false&quot;,&quot;dotlife_ext_is_background_backdrop&quot;:&quot;false&quot;,&quot;dotlife_ext_is_background_on_scroll&quot;:&quot;false&quot;}\">\n\t\t\t\t\t\t\t<div class=\"elementor-background-overlay\"><\/div>\n\t\t\t\t\t\t<div class=\"elementor-shape elementor-shape-bottom\" aria-hidden=\"true\" data-negative=\"false\">\n\t\t\t<svg xmlns=\"http:\/\/www.w3.org\/2000\/svg\" viewBox=\"0 0 1000 100\" preserveAspectRatio=\"none\">\n\t<path class=\"elementor-shape-fill\" d=\"M0,6V0h1000v100L0,6z\"\/>\n<\/svg>\t\t<\/div>\n\t\t\t\t\t<div class=\"elementor-container elementor-column-gap-default\">\n\t\t\t\t\t<div class=\"elementor-column elementor-col-100 elementor-top-column elementor-element elementor-element-8e289bc\" data-id=\"8e289bc\" data-element_type=\"column\" data-e-type=\"column\" data-settings=\"{&quot;dotlife_ext_link_sidemenu&quot;:&quot;false&quot;,&quot;dotlife_ext_link_fullmenu&quot;:&quot;false&quot;,&quot;dotlife_ext_link_closed_fullmenu&quot;:&quot;false&quot;,&quot;dotlife_ext_is_scrollme&quot;:&quot;false&quot;,&quot;dotlife_ext_is_smoove&quot;:&quot;false&quot;,&quot;dotlife_ext_is_parallax_mouse&quot;:&quot;false&quot;,&quot;dotlife_ext_is_infinite&quot;:&quot;false&quot;,&quot;dotlife_ext_is_fadeout_animation&quot;:&quot;false&quot;,&quot;dotlife_ext_mobile_static&quot;:&quot;false&quot;}\">\n\t\t\t<div class=\"elementor-widget-wrap elementor-element-populated\">\n\t\t\t\t\t\t<div class=\"elementor-element elementor-element-951180c animated-fast elementor-invisible elementor-widget elementor-widget-heading\" data-id=\"951180c\" data-element_type=\"widget\" data-e-type=\"widget\" data-settings=\"{&quot;_animation&quot;:&quot;fadeInUp&quot;,&quot;dotlife_ext_link_sidemenu&quot;:&quot;false&quot;,&quot;dotlife_ext_link_fullmenu&quot;:&quot;false&quot;,&quot;dotlife_ext_link_closed_fullmenu&quot;:&quot;false&quot;,&quot;dotlife_ext_is_scrollme&quot;:&quot;false&quot;,&quot;dotlife_ext_is_smoove&quot;:&quot;false&quot;,&quot;dotlife_ext_is_parallax_mouse&quot;:&quot;false&quot;,&quot;dotlife_ext_is_infinite&quot;:&quot;false&quot;,&quot;dotlife_ext_is_fadeout_animation&quot;:&quot;false&quot;,&quot;dotlife_ext_mobile_static&quot;:&quot;false&quot;}\" data-widget_type=\"heading.default\">\n\t\t\t\t<div class=\"elementor-widget-container\">\n\t\t\t\t\t<span class=\"elementor-heading-title elementor-size-default\">The Genius-type official blog<\/span>\t\t\t\t<\/div>\n\t\t\t\t<\/div>\n\t\t\t\t<div class=\"elementor-element elementor-element-59be548 animated-fast elementor-invisible elementor-widget elementor-widget-heading\" data-id=\"59be548\" data-element_type=\"widget\" data-e-type=\"widget\" data-settings=\"{&quot;_animation&quot;:&quot;fadeInUp&quot;,&quot;_animation_delay&quot;:200,&quot;dotlife_ext_link_sidemenu&quot;:&quot;false&quot;,&quot;dotlife_ext_link_fullmenu&quot;:&quot;false&quot;,&quot;dotlife_ext_link_closed_fullmenu&quot;:&quot;false&quot;,&quot;dotlife_ext_is_scrollme&quot;:&quot;false&quot;,&quot;dotlife_ext_is_smoove&quot;:&quot;false&quot;,&quot;dotlife_ext_is_parallax_mouse&quot;:&quot;false&quot;,&quot;dotlife_ext_is_infinite&quot;:&quot;false&quot;,&quot;dotlife_ext_is_fadeout_animation&quot;:&quot;false&quot;,&quot;dotlife_ext_mobile_static&quot;:&quot;false&quot;}\" data-widget_type=\"heading.default\">\n\t\t\t\t<div class=\"elementor-widget-container\">\n\t\t\t\t\t<h2 class=\"elementor-heading-title elementor-size-default\">Learn about the science of Genotyping<\/h2>\t\t\t\t<\/div>\n\t\t\t\t<\/div>\n\t\t\t\t\t<\/div>\n\t\t<\/div>\n\t\t\t\t\t<\/div>\n\t\t<\/section>\n\t\t\t\t<section class=\"elementor-section elementor-top-section elementor-element elementor-element-df74b49 elementor-section-stretched elementor-section-full_width elementor-section-height-default elementor-section-height-default\" data-id=\"df74b49\" data-element_type=\"section\" data-e-type=\"section\" data-settings=\"{&quot;stretch_section&quot;:&quot;section-stretched&quot;,&quot;background_background&quot;:&quot;classic&quot;,&quot;dotlife_ext_is_background_parallax&quot;:&quot;false&quot;,&quot;dotlife_ext_is_background_backdrop&quot;:&quot;false&quot;,&quot;dotlife_ext_is_background_on_scroll&quot;:&quot;false&quot;}\">\n\t\t\t\t\t\t<div class=\"elementor-container elementor-column-gap-default\">\n\t\t\t\t\t<div class=\"elementor-column elementor-col-100 elementor-top-column elementor-element elementor-element-b302077\" data-id=\"b302077\" data-element_type=\"column\" data-e-type=\"column\" data-settings=\"{&quot;dotlife_ext_link_sidemenu&quot;:&quot;false&quot;,&quot;dotlife_ext_link_fullmenu&quot;:&quot;false&quot;,&quot;dotlife_ext_link_closed_fullmenu&quot;:&quot;false&quot;,&quot;dotlife_ext_is_scrollme&quot;:&quot;false&quot;,&quot;dotlife_ext_is_smoove&quot;:&quot;false&quot;,&quot;dotlife_ext_is_parallax_mouse&quot;:&quot;false&quot;,&quot;dotlife_ext_is_infinite&quot;:&quot;false&quot;,&quot;dotlife_ext_is_fadeout_animation&quot;:&quot;false&quot;,&quot;dotlife_ext_mobile_static&quot;:&quot;false&quot;}\">\n\t\t\t<div class=\"elementor-widget-wrap elementor-element-populated\">\n\t\t\t\t\t\t<div class=\"elementor-element elementor-element-207d3a9 elementor-widget elementor-widget-dotlife-blog-posts\" data-id=\"207d3a9\" data-element_type=\"widget\" data-e-type=\"widget\" data-settings=\"{&quot;dotlife_ext_link_sidemenu&quot;:&quot;false&quot;,&quot;dotlife_ext_link_fullmenu&quot;:&quot;false&quot;,&quot;dotlife_ext_link_closed_fullmenu&quot;:&quot;false&quot;,&quot;dotlife_ext_is_scrollme&quot;:&quot;false&quot;,&quot;dotlife_ext_is_smoove&quot;:&quot;false&quot;,&quot;dotlife_ext_is_parallax_mouse&quot;:&quot;false&quot;,&quot;dotlife_ext_is_infinite&quot;:&quot;false&quot;,&quot;dotlife_ext_is_fadeout_animation&quot;:&quot;false&quot;,&quot;dotlife_ext_mobile_static&quot;:&quot;false&quot;}\" data-widget_type=\"dotlife-blog-posts.default\">\n\t\t\t\t<div class=\"elementor-widget-container\">\n\t\t\t\t\t<div class=\"blog_post_content_wrapper layout_grid\">\n<\/div>\n<br class=\"clear\"\/>\t\t\t\t<\/div>\n\t\t\t\t<\/div>\n\t\t\t\t\t<\/div>\n\t\t<\/div>\n\t\t\t\t\t<\/div>\n\t\t<\/section>\n\t\t\t\t<\/div>\n\t\t","protected":false},"excerpt":{"rendered":"<p>The Genius-type official blog Learn about the science of Genotyping Investigaci\u00f3n del Genniotipo Validaci\u00f3n del Test del Geniotipo SEGUNDA VALIDACI\u00d3N DEL TEST PSICOM\u00c9TRICO DEL GENIOTIPO 1. M\u00e9todoTodos los an\u00e1lisis realizados pa&#8230; febrero 7, 2023 Psicolog\u00eda del Geniotipo El Geniotipo y [&hellip;]<\/p>\n","protected":false},"author":1,"featured_media":0,"parent":0,"menu_order":0,"comment_status":"closed","ping_status":"closed","template":"","meta":{"inline_featured_image":false,"footnotes":""},"class_list":["post-5851","page","type-page","status-publish","hentry"],"yoast_head":"<!-- This site is optimized with the Yoast SEO plugin v26.8 - https:\/\/yoast.com\/product\/yoast-seo-wordpress\/ -->\n<title>Geniotipo (Genius-type) - Tony Estruch<\/title>\n<meta name=\"robots\" content=\"index, follow, max-snippet:-1, max-image-preview:large, max-video-preview:-1\" \/>\n<link rel=\"canonical\" href=\"https:\/\/tonyestruch.com\/en\/geniotipo-genius-type\/\" \/>\n<meta property=\"og:locale\" content=\"en_US\" \/>\n<meta property=\"og:type\" content=\"article\" \/>\n<meta property=\"og:title\" content=\"Geniotipo (Genius-type) - Tony Estruch\" \/>\n<meta property=\"og:description\" content=\"The Genius-type official blog Learn about the science of Genotyping Investigaci\u00f3n del Genniotipo Validaci\u00f3n del Test del Geniotipo SEGUNDA VALIDACI\u00d3N DEL TEST PSICOM\u00c9TRICO DEL GENIOTIPO 1. M\u00e9todoTodos los an\u00e1lisis realizados pa&#8230; febrero 7, 2023 Psicolog\u00eda del Geniotipo El Geniotipo y [&hellip;]\" \/>\n<meta property=\"og:url\" content=\"https:\/\/tonyestruch.com\/en\/geniotipo-genius-type\/\" \/>\n<meta property=\"og:site_name\" content=\"Tony Estruch\" \/>\n<meta property=\"article:modified_time\" content=\"2023-04-19T17:07:57+00:00\" \/>\n<meta property=\"og:image\" content=\"https:\/\/tonyestruch.com\/wp-content\/uploads\/2023\/02\/tabla6-960x604.png\" \/>\n<meta name=\"twitter:card\" content=\"summary_large_image\" \/>\n<meta name=\"twitter:label1\" content=\"Est. reading time\" \/>\n\t<meta name=\"twitter:data1\" content=\"2 minutes\" \/>\n<script type=\"application\/ld+json\" class=\"yoast-schema-graph\">{\"@context\":\"https:\/\/schema.org\",\"@graph\":[{\"@type\":\"WebPage\",\"@id\":\"https:\/\/tonyestruch.com\/en\/geniotipo-genius-type\/\",\"url\":\"https:\/\/tonyestruch.com\/en\/geniotipo-genius-type\/\",\"name\":\"Geniotipo (Genius-type) - Tony Estruch\",\"isPartOf\":{\"@id\":\"https:\/\/tonyestruch.com\/en\/#website\"},\"primaryImageOfPage\":{\"@id\":\"https:\/\/tonyestruch.com\/en\/geniotipo-genius-type\/#primaryimage\"},\"image\":{\"@id\":\"https:\/\/tonyestruch.com\/en\/geniotipo-genius-type\/#primaryimage\"},\"thumbnailUrl\":\"https:\/\/tonyestruch.com\/wp-content\/uploads\/2023\/02\/tabla6-960x604.png\",\"datePublished\":\"2019-04-03T07:45:08+00:00\",\"dateModified\":\"2023-04-19T17:07:57+00:00\",\"breadcrumb\":{\"@id\":\"https:\/\/tonyestruch.com\/en\/geniotipo-genius-type\/#breadcrumb\"},\"inLanguage\":\"en-US\",\"potentialAction\":[{\"@type\":\"ReadAction\",\"target\":[\"https:\/\/tonyestruch.com\/en\/geniotipo-genius-type\/\"]}]},{\"@type\":\"ImageObject\",\"inLanguage\":\"en-US\",\"@id\":\"https:\/\/tonyestruch.com\/en\/geniotipo-genius-type\/#primaryimage\",\"url\":\"https:\/\/tonyestruch.com\/wp-content\/uploads\/2023\/02\/tabla6-960x604.png\",\"contentUrl\":\"https:\/\/tonyestruch.com\/wp-content\/uploads\/2023\/02\/tabla6-960x604.png\"},{\"@type\":\"BreadcrumbList\",\"@id\":\"https:\/\/tonyestruch.com\/en\/geniotipo-genius-type\/#breadcrumb\",\"itemListElement\":[{\"@type\":\"ListItem\",\"position\":1,\"name\":\"Portada\",\"item\":\"https:\/\/tonyestruch.com\/en\/home-2\/\"},{\"@type\":\"ListItem\",\"position\":2,\"name\":\"Geniotipo (Genius-type)\"}]},{\"@type\":\"WebSite\",\"@id\":\"https:\/\/tonyestruch.com\/en\/#website\",\"url\":\"https:\/\/tonyestruch.com\/en\/\",\"name\":\"Tony Estruch\",\"description\":\"Tony Estruch\",\"publisher\":{\"@id\":\"https:\/\/tonyestruch.com\/en\/#organization\"},\"potentialAction\":[{\"@type\":\"SearchAction\",\"target\":{\"@type\":\"EntryPoint\",\"urlTemplate\":\"https:\/\/tonyestruch.com\/en\/?s={search_term_string}\"},\"query-input\":{\"@type\":\"PropertyValueSpecification\",\"valueRequired\":true,\"valueName\":\"search_term_string\"}}],\"inLanguage\":\"en-US\"},{\"@type\":\"Organization\",\"@id\":\"https:\/\/tonyestruch.com\/en\/#organization\",\"name\":\"Tony Estruch\",\"url\":\"https:\/\/tonyestruch.com\/en\/\",\"logo\":{\"@type\":\"ImageObject\",\"inLanguage\":\"en-US\",\"@id\":\"https:\/\/tonyestruch.com\/en\/#\/schema\/logo\/image\/\",\"url\":\"https:\/\/tonyestruch.com\/wp-content\/uploads\/2022\/09\/logo_ancho.svg\",\"contentUrl\":\"https:\/\/tonyestruch.com\/wp-content\/uploads\/2022\/09\/logo_ancho.svg\",\"width\":466,\"height\":93,\"caption\":\"Tony Estruch\"},\"image\":{\"@id\":\"https:\/\/tonyestruch.com\/en\/#\/schema\/logo\/image\/\"}}]}<\/script>\n<!-- \/ Yoast SEO plugin. -->","yoast_head_json":{"title":"Geniotipo (Genius-type) - Tony Estruch","robots":{"index":"index","follow":"follow","max-snippet":"max-snippet:-1","max-image-preview":"max-image-preview:large","max-video-preview":"max-video-preview:-1"},"canonical":"https:\/\/tonyestruch.com\/en\/geniotipo-genius-type\/","og_locale":"en_US","og_type":"article","og_title":"Geniotipo (Genius-type) - Tony Estruch","og_description":"The Genius-type official blog Learn about the science of Genotyping Investigaci\u00f3n del Genniotipo Validaci\u00f3n del Test del Geniotipo SEGUNDA VALIDACI\u00d3N DEL TEST PSICOM\u00c9TRICO DEL GENIOTIPO 1. M\u00e9todoTodos los an\u00e1lisis realizados pa&#8230; febrero 7, 2023 Psicolog\u00eda del Geniotipo El Geniotipo y [&hellip;]","og_url":"https:\/\/tonyestruch.com\/en\/geniotipo-genius-type\/","og_site_name":"Tony Estruch","article_modified_time":"2023-04-19T17:07:57+00:00","og_image":[{"url":"https:\/\/tonyestruch.com\/wp-content\/uploads\/2023\/02\/tabla6-960x604.png","type":"","width":"","height":""}],"twitter_card":"summary_large_image","twitter_misc":{"Est. reading time":"2 minutes"},"schema":{"@context":"https:\/\/schema.org","@graph":[{"@type":"WebPage","@id":"https:\/\/tonyestruch.com\/en\/geniotipo-genius-type\/","url":"https:\/\/tonyestruch.com\/en\/geniotipo-genius-type\/","name":"Geniotipo (Genius-type) - Tony Estruch","isPartOf":{"@id":"https:\/\/tonyestruch.com\/en\/#website"},"primaryImageOfPage":{"@id":"https:\/\/tonyestruch.com\/en\/geniotipo-genius-type\/#primaryimage"},"image":{"@id":"https:\/\/tonyestruch.com\/en\/geniotipo-genius-type\/#primaryimage"},"thumbnailUrl":"https:\/\/tonyestruch.com\/wp-content\/uploads\/2023\/02\/tabla6-960x604.png","datePublished":"2019-04-03T07:45:08+00:00","dateModified":"2023-04-19T17:07:57+00:00","breadcrumb":{"@id":"https:\/\/tonyestruch.com\/en\/geniotipo-genius-type\/#breadcrumb"},"inLanguage":"en-US","potentialAction":[{"@type":"ReadAction","target":["https:\/\/tonyestruch.com\/en\/geniotipo-genius-type\/"]}]},{"@type":"ImageObject","inLanguage":"en-US","@id":"https:\/\/tonyestruch.com\/en\/geniotipo-genius-type\/#primaryimage","url":"https:\/\/tonyestruch.com\/wp-content\/uploads\/2023\/02\/tabla6-960x604.png","contentUrl":"https:\/\/tonyestruch.com\/wp-content\/uploads\/2023\/02\/tabla6-960x604.png"},{"@type":"BreadcrumbList","@id":"https:\/\/tonyestruch.com\/en\/geniotipo-genius-type\/#breadcrumb","itemListElement":[{"@type":"ListItem","position":1,"name":"Portada","item":"https:\/\/tonyestruch.com\/en\/home-2\/"},{"@type":"ListItem","position":2,"name":"Geniotipo (Genius-type)"}]},{"@type":"WebSite","@id":"https:\/\/tonyestruch.com\/en\/#website","url":"https:\/\/tonyestruch.com\/en\/","name":"Tony Estruch","description":"Tony Estruch","publisher":{"@id":"https:\/\/tonyestruch.com\/en\/#organization"},"potentialAction":[{"@type":"SearchAction","target":{"@type":"EntryPoint","urlTemplate":"https:\/\/tonyestruch.com\/en\/?s={search_term_string}"},"query-input":{"@type":"PropertyValueSpecification","valueRequired":true,"valueName":"search_term_string"}}],"inLanguage":"en-US"},{"@type":"Organization","@id":"https:\/\/tonyestruch.com\/en\/#organization","name":"Tony Estruch","url":"https:\/\/tonyestruch.com\/en\/","logo":{"@type":"ImageObject","inLanguage":"en-US","@id":"https:\/\/tonyestruch.com\/en\/#\/schema\/logo\/image\/","url":"https:\/\/tonyestruch.com\/wp-content\/uploads\/2022\/09\/logo_ancho.svg","contentUrl":"https:\/\/tonyestruch.com\/wp-content\/uploads\/2022\/09\/logo_ancho.svg","width":466,"height":93,"caption":"Tony Estruch"},"image":{"@id":"https:\/\/tonyestruch.com\/en\/#\/schema\/logo\/image\/"}}]}},"_links":{"self":[{"href":"https:\/\/tonyestruch.com\/en\/wp-json\/wp\/v2\/pages\/5851","targetHints":{"allow":["GET"]}}],"collection":[{"href":"https:\/\/tonyestruch.com\/en\/wp-json\/wp\/v2\/pages"}],"about":[{"href":"https:\/\/tonyestruch.com\/en\/wp-json\/wp\/v2\/types\/page"}],"author":[{"embeddable":true,"href":"https:\/\/tonyestruch.com\/en\/wp-json\/wp\/v2\/users\/1"}],"replies":[{"embeddable":true,"href":"https:\/\/tonyestruch.com\/en\/wp-json\/wp\/v2\/comments?post=5851"}],"version-history":[{"count":1,"href":"https:\/\/tonyestruch.com\/en\/wp-json\/wp\/v2\/pages\/5851\/revisions"}],"predecessor-version":[{"id":5852,"href":"https:\/\/tonyestruch.com\/en\/wp-json\/wp\/v2\/pages\/5851\/revisions\/5852"}],"wp:attachment":[{"href":"https:\/\/tonyestruch.com\/en\/wp-json\/wp\/v2\/media?parent=5851"}],"curies":[{"name":"wp","href":"https:\/\/api.w.org\/{rel}","templated":true}]}}