{"id":5933,"date":"2019-04-03T09:45:08","date_gmt":"2019-04-03T07:45:08","guid":{"rendered":"https:\/\/tonyestruch.com\/geniotipo\/"},"modified":"2025-08-01T10:17:23","modified_gmt":"2025-08-01T08:17:23","slug":"geniotipo","status":"publish","type":"page","link":"https:\/\/tonyestruch.com\/ca\/geniotipo\/","title":{"rendered":"Blog"},"content":{"rendered":"\t\t<div data-elementor-type=\"wp-post\" data-elementor-id=\"5933\" class=\"elementor elementor-5933 elementor-231\" data-elementor-post-type=\"page\">\n\t\t\t\t\t\t<section class=\"elementor-section elementor-top-section elementor-element elementor-element-7c70e23 elementor-section-stretched elementor-section-height-min-height elementor-section-boxed elementor-section-height-default elementor-section-items-middle\" data-id=\"7c70e23\" data-element_type=\"section\" data-e-type=\"section\" data-settings=\"{&quot;stretch_section&quot;:&quot;section-stretched&quot;,&quot;background_background&quot;:&quot;classic&quot;,&quot;shape_divider_bottom&quot;:&quot;tilt&quot;,&quot;dotlife_ext_is_background_parallax&quot;:&quot;false&quot;,&quot;dotlife_ext_is_background_backdrop&quot;:&quot;false&quot;,&quot;dotlife_ext_is_background_on_scroll&quot;:&quot;false&quot;}\">\n\t\t\t\t\t\t\t<div class=\"elementor-background-overlay\"><\/div>\n\t\t\t\t\t\t<div class=\"elementor-shape elementor-shape-bottom\" aria-hidden=\"true\" data-negative=\"false\">\n\t\t\t<svg xmlns=\"http:\/\/www.w3.org\/2000\/svg\" viewBox=\"0 0 1000 100\" preserveAspectRatio=\"none\">\n\t<path class=\"elementor-shape-fill\" d=\"M0,6V0h1000v100L0,6z\"\/>\n<\/svg>\t\t<\/div>\n\t\t\t\t\t<div class=\"elementor-container elementor-column-gap-default\">\n\t\t\t\t\t<div class=\"elementor-column elementor-col-100 elementor-top-column elementor-element elementor-element-8e289bc\" data-id=\"8e289bc\" data-element_type=\"column\" data-e-type=\"column\" data-settings=\"{&quot;dotlife_ext_link_sidemenu&quot;:&quot;false&quot;,&quot;dotlife_ext_link_fullmenu&quot;:&quot;false&quot;,&quot;dotlife_ext_link_closed_fullmenu&quot;:&quot;false&quot;,&quot;dotlife_ext_is_scrollme&quot;:&quot;false&quot;,&quot;dotlife_ext_is_smoove&quot;:&quot;false&quot;,&quot;dotlife_ext_is_parallax_mouse&quot;:&quot;false&quot;,&quot;dotlife_ext_is_infinite&quot;:&quot;false&quot;,&quot;dotlife_ext_is_fadeout_animation&quot;:&quot;false&quot;,&quot;dotlife_ext_mobile_static&quot;:&quot;false&quot;}\">\n\t\t\t<div class=\"elementor-widget-wrap elementor-element-populated\">\n\t\t\t\t\t\t<div class=\"elementor-element elementor-element-951180c animated-fast elementor-invisible elementor-widget elementor-widget-heading\" data-id=\"951180c\" data-element_type=\"widget\" data-e-type=\"widget\" data-settings=\"{&quot;_animation&quot;:&quot;fadeInUp&quot;,&quot;dotlife_ext_link_sidemenu&quot;:&quot;false&quot;,&quot;dotlife_ext_link_fullmenu&quot;:&quot;false&quot;,&quot;dotlife_ext_link_closed_fullmenu&quot;:&quot;false&quot;,&quot;dotlife_ext_is_scrollme&quot;:&quot;false&quot;,&quot;dotlife_ext_is_smoove&quot;:&quot;false&quot;,&quot;dotlife_ext_is_parallax_mouse&quot;:&quot;false&quot;,&quot;dotlife_ext_is_infinite&quot;:&quot;false&quot;,&quot;dotlife_ext_is_fadeout_animation&quot;:&quot;false&quot;,&quot;dotlife_ext_mobile_static&quot;:&quot;false&quot;}\" data-widget_type=\"heading.default\">\n\t\t\t\t<div class=\"elementor-widget-container\">\n\t\t\t\t\t<span class=\"elementor-heading-title elementor-size-default\">El blog oficial del Geniotip<\/span>\t\t\t\t<\/div>\n\t\t\t\t<\/div>\n\t\t\t\t<div class=\"elementor-element elementor-element-59be548 animated-fast elementor-invisible elementor-widget elementor-widget-heading\" data-id=\"59be548\" data-element_type=\"widget\" data-e-type=\"widget\" data-settings=\"{&quot;_animation&quot;:&quot;fadeInUp&quot;,&quot;_animation_delay&quot;:200,&quot;dotlife_ext_link_sidemenu&quot;:&quot;false&quot;,&quot;dotlife_ext_link_fullmenu&quot;:&quot;false&quot;,&quot;dotlife_ext_link_closed_fullmenu&quot;:&quot;false&quot;,&quot;dotlife_ext_is_scrollme&quot;:&quot;false&quot;,&quot;dotlife_ext_is_smoove&quot;:&quot;false&quot;,&quot;dotlife_ext_is_parallax_mouse&quot;:&quot;false&quot;,&quot;dotlife_ext_is_infinite&quot;:&quot;false&quot;,&quot;dotlife_ext_is_fadeout_animation&quot;:&quot;false&quot;,&quot;dotlife_ext_mobile_static&quot;:&quot;false&quot;}\" data-widget_type=\"heading.default\">\n\t\t\t\t<div class=\"elementor-widget-container\">\n\t\t\t\t\t<h2 class=\"elementor-heading-title elementor-size-default\">Coneix la ci\u00e8ncia del Geniotip<\/h2>\t\t\t\t<\/div>\n\t\t\t\t<\/div>\n\t\t\t\t\t<\/div>\n\t\t<\/div>\n\t\t\t\t\t<\/div>\n\t\t<\/section>\n\t\t\t\t<section class=\"elementor-section elementor-top-section elementor-element elementor-element-df74b49 elementor-section-stretched elementor-section-full_width elementor-section-height-default elementor-section-height-default\" data-id=\"df74b49\" data-element_type=\"section\" data-e-type=\"section\" data-settings=\"{&quot;stretch_section&quot;:&quot;section-stretched&quot;,&quot;background_background&quot;:&quot;classic&quot;,&quot;dotlife_ext_is_background_parallax&quot;:&quot;false&quot;,&quot;dotlife_ext_is_background_backdrop&quot;:&quot;false&quot;,&quot;dotlife_ext_is_background_on_scroll&quot;:&quot;false&quot;}\">\n\t\t\t\t\t\t<div class=\"elementor-container elementor-column-gap-default\">\n\t\t\t\t\t<div class=\"elementor-column elementor-col-100 elementor-top-column elementor-element elementor-element-b302077\" data-id=\"b302077\" data-element_type=\"column\" data-e-type=\"column\" data-settings=\"{&quot;dotlife_ext_link_sidemenu&quot;:&quot;false&quot;,&quot;dotlife_ext_link_fullmenu&quot;:&quot;false&quot;,&quot;dotlife_ext_link_closed_fullmenu&quot;:&quot;false&quot;,&quot;dotlife_ext_is_scrollme&quot;:&quot;false&quot;,&quot;dotlife_ext_is_smoove&quot;:&quot;false&quot;,&quot;dotlife_ext_is_parallax_mouse&quot;:&quot;false&quot;,&quot;dotlife_ext_is_infinite&quot;:&quot;false&quot;,&quot;dotlife_ext_is_fadeout_animation&quot;:&quot;false&quot;,&quot;dotlife_ext_mobile_static&quot;:&quot;false&quot;}\">\n\t\t\t<div class=\"elementor-widget-wrap elementor-element-populated\">\n\t\t\t\t\t\t<div class=\"elementor-element elementor-element-207d3a9 elementor-widget elementor-widget-dotlife-blog-posts\" data-id=\"207d3a9\" data-element_type=\"widget\" data-e-type=\"widget\" data-settings=\"{&quot;dotlife_ext_link_sidemenu&quot;:&quot;false&quot;,&quot;dotlife_ext_link_fullmenu&quot;:&quot;false&quot;,&quot;dotlife_ext_link_closed_fullmenu&quot;:&quot;false&quot;,&quot;dotlife_ext_is_scrollme&quot;:&quot;false&quot;,&quot;dotlife_ext_is_smoove&quot;:&quot;false&quot;,&quot;dotlife_ext_is_parallax_mouse&quot;:&quot;false&quot;,&quot;dotlife_ext_is_infinite&quot;:&quot;false&quot;,&quot;dotlife_ext_is_fadeout_animation&quot;:&quot;false&quot;,&quot;dotlife_ext_mobile_static&quot;:&quot;false&quot;}\" data-widget_type=\"dotlife-blog-posts.default\">\n\t\t\t\t<div class=\"elementor-widget-container\">\n\t\t\t\t\t<div class=\"blog_post_content_wrapper layout_grid\">\n<!-- Begin each blog post -->\n<div class=\"blog-posts-grid post-10909 post type-post status-publish format-standard has-post-thumbnail hentry category-investigacio-del-geniotip tag-anima tag-com-va-comencar-tot tag-origen-ca tag-tony-estruch-ca\">\n\n\t<div class=\"post_wrapper\">\n\t\t\n\t\t\t\t    <div class=\"post_img static\">\n\t\t\t    \t\t\t    <div class=\"post_img_hover \">\n\t\t\t     \t\t\t\t\t     <img decoding=\"async\"  src=\"https:\/\/tonyestruch.com\/wp-content\/uploads\/2021\/06\/alma-el-origen-de-todo-960x570.jpg\" class=\"\" alt=\"\"\/>\n\t\t\t\t     \t\t\t     \t\t\t\t     \t<a href=\"https:\/\/tonyestruch.com\/ca\/anima-lorigen-de-tot\/\"><\/a>\n\t\t\t    <\/div>\n\t\t    <\/div>\n\t\t\t    \n\t    <div class=\"post_content_wrapper text_left\">\n\t\t    \n\t\t    <div class=\"post_header\">\n\t\t\t    \t\t\t    <div class=\"post_detail single_post\">\n\t\t\t\t    <span class=\"ti-folder ti_icon\"><\/span>\n\t\t\t    \t<span class=\"post_info_cat\">\n\t\t\t\t\t\t\t\t\t\t\t\t      \t<a href=\"https:\/\/tonyestruch.com\/ca\/category\/investigacio-del-geniotip\/\">Investigaci\u00f3 del Geniotip<\/a>\n\t\t\t\t\t\t\t\t\t    \t<\/span>\n\t\t\t \t<\/div>\n\t\t\t \t\t\t\t\t<div class=\"post_header_title\">\n\t\t\t\t    <h5><a href=\"https:\/\/tonyestruch.com\/ca\/anima-lorigen-de-tot\/\" title=\"\u00c0nima: l&#8217;origen de tot\">\u00c0nima: l&#8217;origen de tot<\/a><\/h5>\n\t\t\t\t<\/div>\n\t\t\t<\/div>\n\t    \n\t\t\t<div class=\"post_header_wrapper\">\n\t\t\t\t<p>Sempre explico la historieta de com vaig compondre una can\u00e7\u00f3 amb 13 anys per conquerir una noia&#8...<\/p>\t\t\t    \t\t\t    <div class=\"post_button_wrapper\">\n\t\t\t    \t<div class=\"post_attribute\">\n\t\t\t\t\t    <a href=\"https:\/\/tonyestruch.com\/ca\/anima-lorigen-de-tot\/\" title=\"\u00c0nima: l&#8217;origen de tot\"><span class=\"ti-timer ti_icon\"><\/span>juliol 11, 2021<\/a>\n\t\t\t\t\t<\/div>\n\t\t\t    <\/div>\n\t\t\t    \t\t\t<\/div>\n\t    <\/div>\n\t    \n\t<\/div>\n\n<\/div>\n\n<!-- End each blog post --><!-- Begin each blog post -->\n<div class=\"blog-posts-grid post-10907 post type-post status-publish format-standard has-post-thumbnail hentry category-investigacio-del-geniotip tag-diana-ca tag-grup-planeta tag-rosada tag-sandra-ca tag-tony-estruch-ca\">\n\n\t<div class=\"post_wrapper\">\n\t\t\n\t\t\t\t    <div class=\"post_img static\">\n\t\t\t    \t\t\t    <div class=\"post_img_hover \">\n\t\t\t     \t\t\t\t\t     <img decoding=\"async\"  src=\"https:\/\/tonyestruch.com\/wp-content\/uploads\/2021\/06\/diana-960x604.jpg\" class=\"\" alt=\"\"\/>\n\t\t\t\t     \t\t\t     \t\t\t\t     \t<a href=\"https:\/\/tonyestruch.com\/ca\/diana-logic\/\"><\/a>\n\t\t\t    <\/div>\n\t\t    <\/div>\n\t\t\t    \n\t    <div class=\"post_content_wrapper text_left\">\n\t\t    \n\t\t    <div class=\"post_header\">\n\t\t\t    \t\t\t    <div class=\"post_detail single_post\">\n\t\t\t\t    <span class=\"ti-folder ti_icon\"><\/span>\n\t\t\t    \t<span class=\"post_info_cat\">\n\t\t\t\t\t\t\t\t\t\t\t\t      \t<a href=\"https:\/\/tonyestruch.com\/ca\/category\/investigacio-del-geniotip\/\">Investigaci\u00f3 del Geniotip<\/a>\n\t\t\t\t\t\t\t\t\t    \t<\/span>\n\t\t\t \t<\/div>\n\t\t\t \t\t\t\t\t<div class=\"post_header_title\">\n\t\t\t\t    <h5><a href=\"https:\/\/tonyestruch.com\/ca\/diana-logic\/\" title=\"Diana&#8230; L\u00f2gic?\">Diana&#8230; L\u00f2gic?<\/a><\/h5>\n\t\t\t\t<\/div>\n\t\t\t<\/div>\n\t    \n\t\t\t<div class=\"post_header_wrapper\">\n\t\t\t\t<p>2020. Pand\u00e8mia global. Coronavirus. Qualsevol escenari era possible, encara que pel que senties la ...<\/p>\t\t\t    \t\t\t    <div class=\"post_button_wrapper\">\n\t\t\t    \t<div class=\"post_attribute\">\n\t\t\t\t\t    <a href=\"https:\/\/tonyestruch.com\/ca\/diana-logic\/\" title=\"Diana&#8230; L\u00f2gic?\"><span class=\"ti-timer ti_icon\"><\/span>juliol 10, 2021<\/a>\n\t\t\t\t\t<\/div>\n\t\t\t    <\/div>\n\t\t\t    \t\t\t<\/div>\n\t    <\/div>\n\t    \n\t<\/div>\n\n<\/div>\n\n<!-- End each blog post --><!-- Begin each blog post -->\n<div class=\"blog-posts-grid post-10905 post type-post status-publish format-standard has-post-thumbnail hentry category-investigacio-del-geniotip tag-francesc-miralles-ca tag-geniotip tag-tony-estruch-ca\">\n\n\t<div class=\"post_wrapper\">\n\t\t\n\t\t\t\t    <div class=\"post_img static\">\n\t\t\t    \t\t\t    <div class=\"post_img_hover \">\n\t\t\t     \t\t\t\t\t     <img decoding=\"async\"  src=\"https:\/\/tonyestruch.com\/wp-content\/uploads\/2021\/06\/francesc-miralles-el-factor-desencadenante-960x604.jpg\" class=\"\" alt=\"\"\/>\n\t\t\t\t     \t\t\t     \t\t\t\t     \t<a href=\"https:\/\/tonyestruch.com\/ca\/francesc-miralles-el-factor-desencadenant\/\"><\/a>\n\t\t\t    <\/div>\n\t\t    <\/div>\n\t\t\t    \n\t    <div class=\"post_content_wrapper text_left\">\n\t\t    \n\t\t    <div class=\"post_header\">\n\t\t\t    \t\t\t    <div class=\"post_detail single_post\">\n\t\t\t\t    <span class=\"ti-folder ti_icon\"><\/span>\n\t\t\t    \t<span class=\"post_info_cat\">\n\t\t\t\t\t\t\t\t\t\t\t\t      \t<a href=\"https:\/\/tonyestruch.com\/ca\/category\/investigacio-del-geniotip\/\">Investigaci\u00f3 del Geniotip<\/a>\n\t\t\t\t\t\t\t\t\t    \t<\/span>\n\t\t\t \t<\/div>\n\t\t\t \t\t\t\t\t<div class=\"post_header_title\">\n\t\t\t\t    <h5><a href=\"https:\/\/tonyestruch.com\/ca\/francesc-miralles-el-factor-desencadenant\/\" title=\"Francesc Miralles: el factor desencadenant.\">Francesc Miralles: el factor desencadenant.<\/a><\/h5>\n\t\t\t\t<\/div>\n\t\t\t<\/div>\n\t    \n\t\t\t<div class=\"post_header_wrapper\">\n\t\t\t\t<p>Vaig con\u00e8ixer Francesc per casualitat, com una cosa natural m\u00e9s que ha de succeir a la vida. Era n...<\/p>\t\t\t    \t\t\t    <div class=\"post_button_wrapper\">\n\t\t\t    \t<div class=\"post_attribute\">\n\t\t\t\t\t    <a href=\"https:\/\/tonyestruch.com\/ca\/francesc-miralles-el-factor-desencadenant\/\" title=\"Francesc Miralles: el factor desencadenant.\"><span class=\"ti-timer ti_icon\"><\/span>juny 26, 2021<\/a>\n\t\t\t\t\t<\/div>\n\t\t\t    <\/div>\n\t\t\t    \t\t\t<\/div>\n\t    <\/div>\n\t    \n\t<\/div>\n\n<\/div>\n\n<!-- End each blog post --><!-- Begin each blog post -->\n<div class=\"blog-posts-grid post-10903 post type-post status-publish format-standard has-post-thumbnail hentry category-investigacio-del-geniotip\">\n\n\t<div class=\"post_wrapper\">\n\t\t\n\t\t\t\t    <div class=\"post_img static\">\n\t\t\t    \t\t\t    <div class=\"post_img_hover \">\n\t\t\t     \t\t\t\t\t     <img decoding=\"async\"  src=\"https:\/\/tonyestruch.com\/wp-content\/uploads\/2021\/06\/hoy-es-un-gran-dia-960x604.png\" class=\"\" alt=\"\"\/>\n\t\t\t\t     \t\t\t     \t\t\t\t     \t<a href=\"https:\/\/tonyestruch.com\/ca\/avui-es-un-gran-dia\/\"><\/a>\n\t\t\t    <\/div>\n\t\t    <\/div>\n\t\t\t    \n\t    <div class=\"post_content_wrapper text_left\">\n\t\t    \n\t\t    <div class=\"post_header\">\n\t\t\t    \t\t\t    <div class=\"post_detail single_post\">\n\t\t\t\t    <span class=\"ti-folder ti_icon\"><\/span>\n\t\t\t    \t<span class=\"post_info_cat\">\n\t\t\t\t\t\t\t\t\t\t\t\t      \t<a href=\"https:\/\/tonyestruch.com\/ca\/category\/investigacio-del-geniotip\/\">Investigaci\u00f3 del Geniotip<\/a>\n\t\t\t\t\t\t\t\t\t    \t<\/span>\n\t\t\t \t<\/div>\n\t\t\t \t\t\t\t\t<div class=\"post_header_title\">\n\t\t\t\t    <h5><a href=\"https:\/\/tonyestruch.com\/ca\/avui-es-un-gran-dia\/\" title=\"Avui \u00e9s un gran dia\">Avui \u00e9s un gran dia<\/a><\/h5>\n\t\t\t\t<\/div>\n\t\t\t<\/div>\n\t    \n\t\t\t<div class=\"post_header_wrapper\">\n\t\t\t\t<p>Perqu\u00e8 encara no s\u00e9 el motiu pel qual no vaig fer aquest bloc quan vaig comen\u00e7ar a investigar el ...<\/p>\t\t\t    \t\t\t    <div class=\"post_button_wrapper\">\n\t\t\t    \t<div class=\"post_attribute\">\n\t\t\t\t\t    <a href=\"https:\/\/tonyestruch.com\/ca\/avui-es-un-gran-dia\/\" title=\"Avui \u00e9s un gran dia\"><span class=\"ti-timer ti_icon\"><\/span>juny 26, 2021<\/a>\n\t\t\t\t\t<\/div>\n\t\t\t    <\/div>\n\t\t\t    \t\t\t<\/div>\n\t    <\/div>\n\t    \n\t<\/div>\n\n<\/div>\n\n<!-- End each blog post --><\/div>\n<br class=\"clear\"\/>\t\t\t\t<\/div>\n\t\t\t\t<\/div>\n\t\t\t\t\t<\/div>\n\t\t<\/div>\n\t\t\t\t\t<\/div>\n\t\t<\/section>\n\t\t\t\t<\/div>\n\t\t","protected":false},"excerpt":{"rendered":"<p>El blog oficial del Geniotip Coneix la ci\u00e8ncia del Geniotip Investigaci\u00f3n del Genniotipo Validaci\u00f3n del Test del Geniotipo SEGUNDA VALIDACI\u00d3N DEL TEST PSICOM\u00c9TRICO DEL GENIOTIPO 1. M\u00e9todoTodos los an\u00e1lisis realizados pa&#8230; febrero 7, 2023 Psicolog\u00eda del Geniotipo El Geniotipo y [&hellip;]<\/p>\n","protected":false},"author":1,"featured_media":0,"parent":0,"menu_order":0,"comment_status":"closed","ping_status":"closed","template":"","meta":{"inline_featured_image":false,"footnotes":""},"class_list":["post-5933","page","type-page","status-publish","hentry"],"yoast_head":"<!-- This site is optimized with the Yoast SEO plugin v26.8 - https:\/\/yoast.com\/product\/yoast-seo-wordpress\/ -->\n<title>Blog - Tony Estruch<\/title>\n<meta name=\"robots\" content=\"index, follow, max-snippet:-1, max-image-preview:large, max-video-preview:-1\" \/>\n<link rel=\"canonical\" href=\"https:\/\/tonyestruch.com\/ca\/geniotipo\/\" \/>\n<meta property=\"og:locale\" content=\"ca_ES\" \/>\n<meta property=\"og:type\" content=\"article\" \/>\n<meta property=\"og:title\" content=\"Blog - Tony Estruch\" \/>\n<meta property=\"og:description\" content=\"El blog oficial del Geniotip Coneix la ci\u00e8ncia del Geniotip Investigaci\u00f3n del Genniotipo Validaci\u00f3n del Test del Geniotipo SEGUNDA VALIDACI\u00d3N DEL TEST PSICOM\u00c9TRICO DEL GENIOTIPO 1. M\u00e9todoTodos los an\u00e1lisis realizados pa&#8230; febrero 7, 2023 Psicolog\u00eda del Geniotipo El Geniotipo y [&hellip;]\" \/>\n<meta property=\"og:url\" content=\"https:\/\/tonyestruch.com\/ca\/geniotipo\/\" \/>\n<meta property=\"og:site_name\" content=\"Tony Estruch\" \/>\n<meta property=\"article:modified_time\" content=\"2025-08-01T08:17:23+00:00\" \/>\n<meta property=\"og:image\" content=\"https:\/\/tonyestruch.com\/wp-content\/uploads\/2023\/02\/tabla6-960x604.png\" \/>\n<meta name=\"twitter:card\" content=\"summary_large_image\" \/>\n<meta name=\"twitter:label1\" content=\"Temps estimat de lectura\" \/>\n\t<meta name=\"twitter:data1\" content=\"2 minuts\" \/>\n<script type=\"application\/ld+json\" class=\"yoast-schema-graph\">{\"@context\":\"https:\/\/schema.org\",\"@graph\":[{\"@type\":\"WebPage\",\"@id\":\"https:\/\/tonyestruch.com\/ca\/geniotipo\/\",\"url\":\"https:\/\/tonyestruch.com\/ca\/geniotipo\/\",\"name\":\"Blog - Tony Estruch\",\"isPartOf\":{\"@id\":\"https:\/\/tonyestruch.com\/ca\/#website\"},\"primaryImageOfPage\":{\"@id\":\"https:\/\/tonyestruch.com\/ca\/geniotipo\/#primaryimage\"},\"image\":{\"@id\":\"https:\/\/tonyestruch.com\/ca\/geniotipo\/#primaryimage\"},\"thumbnailUrl\":\"https:\/\/tonyestruch.com\/wp-content\/uploads\/2023\/02\/tabla6-960x604.png\",\"datePublished\":\"2019-04-03T07:45:08+00:00\",\"dateModified\":\"2025-08-01T08:17:23+00:00\",\"breadcrumb\":{\"@id\":\"https:\/\/tonyestruch.com\/ca\/geniotipo\/#breadcrumb\"},\"inLanguage\":\"ca\",\"potentialAction\":[{\"@type\":\"ReadAction\",\"target\":[\"https:\/\/tonyestruch.com\/ca\/geniotipo\/\"]}]},{\"@type\":\"ImageObject\",\"inLanguage\":\"ca\",\"@id\":\"https:\/\/tonyestruch.com\/ca\/geniotipo\/#primaryimage\",\"url\":\"https:\/\/tonyestruch.com\/wp-content\/uploads\/2023\/02\/tabla6-960x604.png\",\"contentUrl\":\"https:\/\/tonyestruch.com\/wp-content\/uploads\/2023\/02\/tabla6-960x604.png\"},{\"@type\":\"BreadcrumbList\",\"@id\":\"https:\/\/tonyestruch.com\/ca\/geniotipo\/#breadcrumb\",\"itemListElement\":[{\"@type\":\"ListItem\",\"position\":1,\"name\":\"Portada\",\"item\":\"https:\/\/tonyestruch.com\/ca\/\"},{\"@type\":\"ListItem\",\"position\":2,\"name\":\"Blog\"}]},{\"@type\":\"WebSite\",\"@id\":\"https:\/\/tonyestruch.com\/ca\/#website\",\"url\":\"https:\/\/tonyestruch.com\/ca\/\",\"name\":\"Tony Estruch\",\"description\":\"Tony Estruch\",\"publisher\":{\"@id\":\"https:\/\/tonyestruch.com\/ca\/#organization\"},\"potentialAction\":[{\"@type\":\"SearchAction\",\"target\":{\"@type\":\"EntryPoint\",\"urlTemplate\":\"https:\/\/tonyestruch.com\/ca\/?s={search_term_string}\"},\"query-input\":{\"@type\":\"PropertyValueSpecification\",\"valueRequired\":true,\"valueName\":\"search_term_string\"}}],\"inLanguage\":\"ca\"},{\"@type\":\"Organization\",\"@id\":\"https:\/\/tonyestruch.com\/ca\/#organization\",\"name\":\"Tony Estruch\",\"url\":\"https:\/\/tonyestruch.com\/ca\/\",\"logo\":{\"@type\":\"ImageObject\",\"inLanguage\":\"ca\",\"@id\":\"https:\/\/tonyestruch.com\/ca\/#\/schema\/logo\/image\/\",\"url\":\"https:\/\/tonyestruch.com\/wp-content\/uploads\/2022\/09\/logo_ancho.svg\",\"contentUrl\":\"https:\/\/tonyestruch.com\/wp-content\/uploads\/2022\/09\/logo_ancho.svg\",\"width\":466,\"height\":93,\"caption\":\"Tony Estruch\"},\"image\":{\"@id\":\"https:\/\/tonyestruch.com\/ca\/#\/schema\/logo\/image\/\"}}]}<\/script>\n<!-- \/ Yoast SEO plugin. -->","yoast_head_json":{"title":"Blog - Tony Estruch","robots":{"index":"index","follow":"follow","max-snippet":"max-snippet:-1","max-image-preview":"max-image-preview:large","max-video-preview":"max-video-preview:-1"},"canonical":"https:\/\/tonyestruch.com\/ca\/geniotipo\/","og_locale":"ca_ES","og_type":"article","og_title":"Blog - Tony Estruch","og_description":"El blog oficial del Geniotip Coneix la ci\u00e8ncia del Geniotip Investigaci\u00f3n del Genniotipo Validaci\u00f3n del Test del Geniotipo SEGUNDA VALIDACI\u00d3N DEL TEST PSICOM\u00c9TRICO DEL GENIOTIPO 1. M\u00e9todoTodos los an\u00e1lisis realizados pa&#8230; febrero 7, 2023 Psicolog\u00eda del Geniotipo El Geniotipo y [&hellip;]","og_url":"https:\/\/tonyestruch.com\/ca\/geniotipo\/","og_site_name":"Tony Estruch","article_modified_time":"2025-08-01T08:17:23+00:00","og_image":[{"url":"https:\/\/tonyestruch.com\/wp-content\/uploads\/2023\/02\/tabla6-960x604.png","type":"","width":"","height":""}],"twitter_card":"summary_large_image","twitter_misc":{"Temps estimat de lectura":"2 minuts"},"schema":{"@context":"https:\/\/schema.org","@graph":[{"@type":"WebPage","@id":"https:\/\/tonyestruch.com\/ca\/geniotipo\/","url":"https:\/\/tonyestruch.com\/ca\/geniotipo\/","name":"Blog - Tony Estruch","isPartOf":{"@id":"https:\/\/tonyestruch.com\/ca\/#website"},"primaryImageOfPage":{"@id":"https:\/\/tonyestruch.com\/ca\/geniotipo\/#primaryimage"},"image":{"@id":"https:\/\/tonyestruch.com\/ca\/geniotipo\/#primaryimage"},"thumbnailUrl":"https:\/\/tonyestruch.com\/wp-content\/uploads\/2023\/02\/tabla6-960x604.png","datePublished":"2019-04-03T07:45:08+00:00","dateModified":"2025-08-01T08:17:23+00:00","breadcrumb":{"@id":"https:\/\/tonyestruch.com\/ca\/geniotipo\/#breadcrumb"},"inLanguage":"ca","potentialAction":[{"@type":"ReadAction","target":["https:\/\/tonyestruch.com\/ca\/geniotipo\/"]}]},{"@type":"ImageObject","inLanguage":"ca","@id":"https:\/\/tonyestruch.com\/ca\/geniotipo\/#primaryimage","url":"https:\/\/tonyestruch.com\/wp-content\/uploads\/2023\/02\/tabla6-960x604.png","contentUrl":"https:\/\/tonyestruch.com\/wp-content\/uploads\/2023\/02\/tabla6-960x604.png"},{"@type":"BreadcrumbList","@id":"https:\/\/tonyestruch.com\/ca\/geniotipo\/#breadcrumb","itemListElement":[{"@type":"ListItem","position":1,"name":"Portada","item":"https:\/\/tonyestruch.com\/ca\/"},{"@type":"ListItem","position":2,"name":"Blog"}]},{"@type":"WebSite","@id":"https:\/\/tonyestruch.com\/ca\/#website","url":"https:\/\/tonyestruch.com\/ca\/","name":"Tony Estruch","description":"Tony Estruch","publisher":{"@id":"https:\/\/tonyestruch.com\/ca\/#organization"},"potentialAction":[{"@type":"SearchAction","target":{"@type":"EntryPoint","urlTemplate":"https:\/\/tonyestruch.com\/ca\/?s={search_term_string}"},"query-input":{"@type":"PropertyValueSpecification","valueRequired":true,"valueName":"search_term_string"}}],"inLanguage":"ca"},{"@type":"Organization","@id":"https:\/\/tonyestruch.com\/ca\/#organization","name":"Tony Estruch","url":"https:\/\/tonyestruch.com\/ca\/","logo":{"@type":"ImageObject","inLanguage":"ca","@id":"https:\/\/tonyestruch.com\/ca\/#\/schema\/logo\/image\/","url":"https:\/\/tonyestruch.com\/wp-content\/uploads\/2022\/09\/logo_ancho.svg","contentUrl":"https:\/\/tonyestruch.com\/wp-content\/uploads\/2022\/09\/logo_ancho.svg","width":466,"height":93,"caption":"Tony Estruch"},"image":{"@id":"https:\/\/tonyestruch.com\/ca\/#\/schema\/logo\/image\/"}}]}},"_links":{"self":[{"href":"https:\/\/tonyestruch.com\/ca\/wp-json\/wp\/v2\/pages\/5933","targetHints":{"allow":["GET"]}}],"collection":[{"href":"https:\/\/tonyestruch.com\/ca\/wp-json\/wp\/v2\/pages"}],"about":[{"href":"https:\/\/tonyestruch.com\/ca\/wp-json\/wp\/v2\/types\/page"}],"author":[{"embeddable":true,"href":"https:\/\/tonyestruch.com\/ca\/wp-json\/wp\/v2\/users\/1"}],"replies":[{"embeddable":true,"href":"https:\/\/tonyestruch.com\/ca\/wp-json\/wp\/v2\/comments?post=5933"}],"version-history":[{"count":4,"href":"https:\/\/tonyestruch.com\/ca\/wp-json\/wp\/v2\/pages\/5933\/revisions"}],"predecessor-version":[{"id":15872,"href":"https:\/\/tonyestruch.com\/ca\/wp-json\/wp\/v2\/pages\/5933\/revisions\/15872"}],"wp:attachment":[{"href":"https:\/\/tonyestruch.com\/ca\/wp-json\/wp\/v2\/media?parent=5933"}],"curies":[{"name":"wp","href":"https:\/\/api.w.org\/{rel}","templated":true}]}}