{"id":5927,"date":"2022-11-28T09:08:07","date_gmt":"2022-11-28T08:08:07","guid":{"rendered":"https:\/\/tonyestruch.com\/politica-de-cookies\/"},"modified":"2023-04-28T22:50:05","modified_gmt":"2023-04-28T20:50:05","slug":"politica-de-cookies","status":"publish","type":"page","link":"https:\/\/tonyestruch.com\/ca\/politica-de-cookies\/","title":{"rendered":"Pol\u00edtica de Cookies"},"content":{"rendered":"\t\t<div data-elementor-type=\"wp-page\" data-elementor-id=\"5927\" class=\"elementor elementor-5927 elementor-3947\" data-elementor-post-type=\"page\">\n\t\t\t\t\t\t<section class=\"elementor-section elementor-top-section elementor-element elementor-element-6f7b421 elementor-section-boxed elementor-section-height-default elementor-section-height-default\" data-id=\"6f7b421\" data-element_type=\"section\" data-e-type=\"section\" data-settings=\"{&quot;dotlife_ext_is_background_parallax&quot;:&quot;false&quot;,&quot;dotlife_ext_is_background_backdrop&quot;:&quot;false&quot;,&quot;dotlife_ext_is_background_on_scroll&quot;:&quot;false&quot;}\">\n\t\t\t\t\t\t<div class=\"elementor-container elementor-column-gap-default\">\n\t\t\t\t\t<div class=\"elementor-column elementor-col-100 elementor-top-column elementor-element elementor-element-af471de\" data-id=\"af471de\" data-element_type=\"column\" data-e-type=\"column\" data-settings=\"{&quot;dotlife_ext_link_sidemenu&quot;:&quot;false&quot;,&quot;dotlife_ext_link_fullmenu&quot;:&quot;false&quot;,&quot;dotlife_ext_link_closed_fullmenu&quot;:&quot;false&quot;,&quot;dotlife_ext_is_scrollme&quot;:&quot;false&quot;,&quot;dotlife_ext_is_smoove&quot;:&quot;false&quot;,&quot;dotlife_ext_is_parallax_mouse&quot;:&quot;false&quot;,&quot;dotlife_ext_is_infinite&quot;:&quot;false&quot;,&quot;dotlife_ext_is_fadeout_animation&quot;:&quot;false&quot;,&quot;dotlife_ext_mobile_static&quot;:&quot;false&quot;}\">\n\t\t\t<div class=\"elementor-widget-wrap elementor-element-populated\">\n\t\t\t\t\t\t<div class=\"elementor-element elementor-element-bc47a17 elementor-widget elementor-widget-text-editor\" data-id=\"bc47a17\" data-element_type=\"widget\" data-e-type=\"widget\" data-settings=\"{&quot;dotlife_ext_link_sidemenu&quot;:&quot;false&quot;,&quot;dotlife_ext_link_fullmenu&quot;:&quot;false&quot;,&quot;dotlife_ext_link_closed_fullmenu&quot;:&quot;false&quot;,&quot;dotlife_ext_is_scrollme&quot;:&quot;false&quot;,&quot;dotlife_ext_is_smoove&quot;:&quot;false&quot;,&quot;dotlife_ext_is_parallax_mouse&quot;:&quot;false&quot;,&quot;dotlife_ext_is_infinite&quot;:&quot;false&quot;,&quot;dotlife_ext_is_fadeout_animation&quot;:&quot;false&quot;,&quot;dotlife_ext_mobile_static&quot;:&quot;false&quot;}\" data-widget_type=\"text-editor.default\">\n\t\t\t\t<div class=\"elementor-widget-container\">\n\t\t\t\t\t\t\t\t\t<strong>POL\u00cdTICA DE COOKIES<\/strong>\n<p class=\"p2\"><span class=\"s1\">Una galeta \u00e9s un petit fitxer de text que s&#8217;emmagatzema al vostre navegador quan visita gaireb\u00e9 qualsevol p\u00e0gina web. La seva utilitat \u00e9s que la web sigui capa\u00e7 de recordar la vostra visita quan torneu a navegar per aquesta p\u00e0gina. Les cookies solen emmagatzemar informaci\u00f3 de car\u00e0cter t\u00e8cnic, prefer\u00e8ncies personals, personalitzaci\u00f3 de continguts, estad\u00edstiques d\u00fas, enlla\u00e7os a xarxes socials, acc\u00e9s a comptes dusuari, etc. L&#8217;objectiu de la galeta \u00e9s adaptar el contingut de la web al seu perfil i necessitats, sense galetes els serveis oferts per qualsevol p\u00e0gina es veurien minvats notablement.<\/span><\/p>\n<p class=\"p2\"><span class=\"s1\"> <\/span><b>Cookies utilitzades en aquest lloc web<\/b><\/p>\n<p class=\"p2\"><span class=\"s1\">Seguint les directrius de l&#8217;Ag\u00e8ncia Espanyola de Protecci\u00f3 de Dades procedim a detallar l&#8217;\u00fas de cookies que fa aquesta web per tal d&#8217;informar-vos amb la m\u00e0xima exactitud possible.<\/span><\/p>\n<p class=\"p2\"><span class=\"s1\">Aquest lloc web utilitza les <b><i>cookies<\/i> pr\u00f2pies<\/b> :<\/span><\/p>\n\n<ul class=\"ul1\">\n \t<li class=\"li4\"><i><\/i><span class=\"s1\"><i>Cookies<\/i> de sessi\u00f3, per garantir que els usuaris que escriguin comentaris al bloc siguin humans i no aplicacions automatitzades. D&#8217;aquesta manera es combat el correu brossa.<\/span><\/li>\n<\/ul>\n<p class=\"p2\"><span class=\"s1\">Aquest lloc web utilitza les seg\u00fcents <b><i>cookies<\/i> de tercers<\/b> :<\/span><\/p>\n\n<ul class=\"ul1\">\n \t<li class=\"li4\"><span class=\"s1\">Google Analytics: Emmagatzema <i>cookies<\/i> per poder elaborar estad\u00edstiques sobre el tr\u00e0nsit i el volum de visites d&#8217;aquesta web. En utilitzar aquest lloc web est\u00e0 consentint el tractament dinformaci\u00f3 sobre vost\u00e8 per Google. Per tant, l&#8217;exercici de qualsevol dret en aquest sentit ho haur\u00e0 de fer comunicant directament amb Google.<\/span><\/li>\n \t<li class=\"li4\"><span class=\"s1\">Xarxes socials: Cada xarxa social utilitza les seves pr\u00f2pies <i>galetes<\/i> perqu\u00e8 pugueu punxar en botons del tipus M&#8217;agrada o Compartir.<\/span><\/li>\n<\/ul>\n<p class=\"p2\"><span class=\"s1\"> <\/span><\/p>\n<p class=\"p3\"><span class=\"s1\"><b>Desactivaci\u00f3 o eliminaci\u00f3 de cookies<\/b><\/span><\/p>\n<p class=\"p2\"><span class=\"s1\">En qualsevol moment podreu exercir el vostre dret de desactivaci\u00f3 o eliminaci\u00f3 de cookies d&#8217;aquest lloc web. Aquestes accions es realitzen de manera diferent en funci\u00f3 del navegador que utilitzeu. <\/span><\/p>\n<p class=\"p2\"><span class=\"s1\"> <\/span><\/p>\n<p class=\"p3\"><span class=\"s1\"><b>Notes addicionals<\/b><\/span><\/p>\n\n<ul class=\"ul1\">\n \t<li class=\"li4\"><span class=\"s1\">Ni aquesta web ni els seus representants legals es fan responsables ni del contingut ni de la veracitat de les pol\u00edtiques de privadesa que puguin tenir els tercers esmentats en aquesta pol\u00edtica de cookies.<\/span><\/li>\n \t<li class=\"li4\"><span class=\"s1\">Els navegadors web s\u00f3n les eines encarregades d&#8217;emmagatzemar les galetes i des d&#8217;aquest lloc ha d&#8217;efectuar el dret a eliminar-lo o desactivar-lo. Ni aquesta web ni els seus representants legals poden garantir la correcta o incorrecta manipulaci\u00f3 de les cookies per part dels navegadors esmentats.<\/span><\/li>\n \t<li class=\"li4\"><span class=\"s1\">En alguns casos \u00e9s necessari instal\u00b7lar cookies perqu\u00e8 el navegador no oblidi la seva decisi\u00f3 de no acceptar-les.<\/span><\/li>\n \t<li class=\"li4\"><span class=\"s1\">En el cas de les galetes de Google Analytics, aquesta empresa emmagatzema les galetes en servidors ubicats als Estats Units i es compromet a no compartir-la amb tercers, excepte en els casos en qu\u00e8 sigui necessari per al funcionament del sistema o quan la llei obligui a aquest efecte. Segons Google no desa la vostra adre\u00e7a IP. Google Inc. \u00e9s una companyia adherida a l&#8217;Acord de Port Segur que garanteix que totes les dades transferides seran tractades amb un nivell de protecci\u00f3 d&#8217;acord amb la normativa europea. Podeu consultar informaci\u00f3 detallada <a href=\"http:\/\/safeharbor.export.gov\/companyinfo.aspx?id=16626\"><span class=\"s2\">en aquest enlla\u00e7<\/span><\/a> . Si voleu informaci\u00f3 sobre l&#8217; \u00fas que Google d\u00f3na a les cookies <a href=\"https:\/\/developers.google.com\/analytics\/devguides\/collection\/analyticsjs\/cookie-usage?hl=es&amp;csw=1\"><span class=\"s2\">us adjuntem aquest altre enlla\u00e7<\/span><\/a> .<\/span><\/li>\n \t<li class=\"li4\"><span class=\"s1\">Per a qualsevol dubte o consulta sobre aquesta pol\u00edtica de cookies no dubteu a comunicar-vos amb nosaltres a trav\u00e9s de la secci\u00f3 de contacte.<\/span><\/li>\n<\/ul>\n<p class=\"p4\"><span class=\"s1\"> <\/span><\/p>\n<p class=\"p3\"><span class=\"s1\"><b>Qu\u00e8 \u00e9s una <i>galeta<\/i> ?<\/b><\/span><\/p>\n<p class=\"p2\"><span class=\"s1\">Una galeta \u00e9s un fitxer de text inofensiu que s&#8217;emmagatzema al navegador quan visita gaireb\u00e9 qualsevol p\u00e0gina web. La utilitat de la galeta \u00e9s que la web sigui capa\u00e7 de recordar la vostra visita quan torneu a navegar per aquesta p\u00e0gina. Encara que molta gent no ho sap les galetes es porten utilitzant des de fa 20 anys, quan van apar\u00e8ixer els primers navegadors per a la World Wide Web.<\/span><\/p>\n<p class=\"p2\"><span class=\"s1\"> <\/span><\/p>\n<p class=\"p3\"><span class=\"s1\"><b>Qu\u00e8 NO \u00c9S una <i>galeta<\/i> ?<\/b><\/span><\/p>\n<p class=\"p2\"><span class=\"s1\">No \u00e9s un virus, ni un troi\u00e0, ni un cuc, ni spam, ni spyware, ni obre finestres pop-up.<\/span><\/p>\n<p class=\"p2\"><span class=\"s1\"> <\/span><\/p>\n<p class=\"p3\"><span class=\"s1\"><b>Quina informaci\u00f3 emmagatzema una <i>galeta<\/i> ?<\/b><\/span><\/p>\n<p class=\"p2\"><span class=\"s1\">Les cookies no solen emmagatzemar informaci\u00f3 sensible sobre vost\u00e8, com ara targetes de cr\u00e8dit o dades banc\u00e0ries, fotografies, el seu DNI o informaci\u00f3 personal, etc. Les dades que guarden s\u00f3n de car\u00e0cter t\u00e8cnic, prefer\u00e8ncies personals, personalitzaci\u00f3 de continguts, etc.<\/span><\/p>\n<p class=\"p2\"><span class=\"s1\">El servidor web no us associa a vost\u00e8 com a persona sin\u00f3 al vostre navegador web. De fet, si vost\u00e8 navega habitualment amb Internet Explorer i prova a navegar per la mateixa web amb Firefox o Chrome veur\u00e0 que la web no s&#8217;adona que vost\u00e8 \u00e9s la mateixa persona perqu\u00e8 en realitat est\u00e0 associant al navegador, no a la persona.<\/span><\/p>\n<p class=\"p2\"><span class=\"s1\"> <\/span><\/p>\n<p class=\"p3\"><span class=\"s1\"><b>Quin tipus de <i>galetes<\/i> hi ha?<\/b><\/span><\/p>\n\n<ul class=\"ul1\">\n \t<li class=\"li4\"><b><i><\/i><\/b><span class=\"s1\"><b><i>Cookies<\/i> t\u00e8cniques<\/b> S\u00f3n les m\u00e9s elementals i permeten, entre altres coses, saber quan est\u00e0 navegant un hum\u00e0 o una aplicaci\u00f3 automatitzada, quan navega un usuari an\u00f2nim i un registrat, tasques b\u00e0siques per al funcionament de qualsevol web din\u00e0mica.<\/span><\/li>\n \t<li class=\"li4\"><b><i><\/i><\/b><span class=\"s1\"><b><i>Galetes d&#8217;an\u00e0lisi<\/i><\/b> : Recullen informaci\u00f3 sobre el tipus de navegaci\u00f3 que est\u00e0 realitzant, les seccions que m\u00e9s utilitza, productes consultats, franja hor\u00e0ria d&#8217;\u00fas, idioma, etc.<\/span><\/li>\n \t<li class=\"li4\"><b><i><\/i><\/b><span class=\"s1\"><b><i>Galetes<\/i> publicit\u00e0ries<\/b> : Mostren publicitat en funci\u00f3 de la seva navegaci\u00f3, el seu pa\u00eds de proced\u00e8ncia, idioma, etc.<\/span><\/li>\n<\/ul>\n<p class=\"p2\"><span class=\"s1\"> <\/span><\/p>\n<p class=\"p3\"><span class=\"s1\"><b>Qu\u00e8 s\u00f3n les cookies pr\u00f2pies i les de tercers?<\/b><\/span><\/p>\n<p class=\"p2\"><span class=\"s1\">Les cookies pr\u00f2pies s\u00f3n les generades per la p\u00e0gina que esteu visitant i les de tercers s\u00f3n les generades per serveis o prove\u00efdors externs com Facebook, Twitter, Google, etc.<\/span><\/p>\n<p class=\"p2\"><span class=\"s1\"> <\/span><\/p>\n<p class=\"p3\"><span class=\"s1\"><b>Qu\u00e8 passa si desactiu les <i>galetes<\/i> ?<\/b><\/span><\/p>\n<p class=\"p2\"><span class=\"s1\">Perqu\u00e8 entengueu l&#8217;abast que podeu tenir desactivar les cookies us mostrem uns exemples:<\/span><\/p>\n\n<ul class=\"ul1\">\n \t<li class=\"li4\"><span class=\"s1\">No podreu compartir continguts d&#8217;aquesta web a Facebook, Twitter o qualsevol altra xarxa social.<\/span><\/li>\n \t<li class=\"li4\"><span class=\"s1\">El lloc web no podr\u00e0 adaptar els continguts a les seves prefer\u00e8ncies personals, com sol passar a les botigues en l\u00ednia.<\/span><\/li>\n \t<li class=\"li4\"><span class=\"s1\">No podreu accedir a l&#8217;\u00e0rea personal d&#8217;aquesta web, com ara El meu compte, o El meu perfil o Les meves comandes.<\/span><\/li>\n \t<li class=\"li4\"><span class=\"s1\">Botigues online: Li ser\u00e0 impossible realitzar compres online, hauran de ser telef\u00f2niques o visitant la botiga f\u00edsica si \u00e9s que en disposa.<\/span><\/li>\n \t<li class=\"li4\"><span class=\"s1\">No ser\u00e0 possible personalitzar les vostres prefer\u00e8ncies geogr\u00e0fiques com ara franja hor\u00e0ria, divisa o idioma.<\/span><\/li>\n \t<li class=\"li4\"><span class=\"s1\">El lloc web no podr\u00e0 realitzar anal\u00edtiques web sobre visitants i tr\u00e0nsit a la web, cosa que dificultar\u00e0 que la web sigui competitiva.<\/span><\/li>\n \t<li class=\"li4\"><span class=\"s1\">No podr\u00e0 escriure al bloc, no podr\u00e0 pujar fotos, publicar comentaris, valorar o puntuar continguts. La web tampoc podr\u00e0 saber si vost\u00e8 \u00e9s un hum\u00e0 o una aplicaci\u00f3 automatitzada que publica spam.<\/span><\/li>\n \t<li class=\"li4\"><span class=\"s1\">No es podr\u00e0 mostrar publicitat sectoritzada, cosa que reduir\u00e0 els ingressos publicitaris de la web.<\/span><\/li>\n \t<li class=\"li4\"><span class=\"s1\">Totes les xarxes socials usen <i>cookies<\/i> , si les desactiva no podreu utilitzar cap xarxa social.<\/span><\/li>\n<\/ul>\n<p class=\"p2\"><span class=\"s1\"> <\/span><\/p>\n<p class=\"p3\"><span class=\"s1\"><b>Es poden eliminar les <i>cookies<\/i> ?<\/b><\/span><\/p>\n<p class=\"p2\"><span class=\"s1\">S\u00ed. No nom\u00e9s eliminar, tamb\u00e9 bloquejar, de manera general o particular per a un domini espec\u00edfic.<\/span><\/p>\n<p class=\"p2\"><span class=\"s1\">Per eliminar les <i>cookies<\/i> d&#8217;un lloc web heu d&#8217;anar a la configuraci\u00f3 del vostre navegador i all\u00e0 podreu buscar les associades al domini en q\u00fcesti\u00f3 i procedir a la seva eliminaci\u00f3.<\/span><\/p>\n<p class=\"p2\"><span class=\"s1\"> <\/span><\/p>\n<p class=\"p3\"><span class=\"s1\"><b>Configuraci\u00f3 de <i>cookies<\/i> per als navegadors m\u00e9s populars<\/b><\/span><\/p>\n<p class=\"p2\"><span class=\"s1\">A continuaci\u00f3 us indiquem com accedir a una <i>galeta<\/i> determinada del navegador Chrome. Nota: aquests passos poden variar en funci\u00f3 de la versi\u00f3 del navegador:<\/span><\/p>\n\n<ol class=\"ol1\">\n \t<li class=\"li4\"><span class=\"s1\">Aneu a Configuraci\u00f3 o Prefer\u00e8ncies mitjan\u00e7ant el men\u00fa Fitxer o b\u00e9 clicant la icona de personalitzaci\u00f3 que apareix a dalt a la dreta.<\/span><\/li>\n \t<li class=\"li4\"><span class=\"s1\">Veureu diferents seccions, premeu l&#8217;opci\u00f3 Mostra opcions avan\u00e7ades.<\/span><\/li>\n \t<li class=\"li4\"><span class=\"s1\">Aneu a Privadesa, Configuraci\u00f3 de contingut.<\/span><\/li>\n \t<li class=\"li4\"><span class=\"s1\">Seleccioneu Totes les galetes i les dades de llocs.<\/span><\/li>\n \t<li class=\"li4\"><span class=\"s1\">Apareixer\u00e0 un llistat amb totes les galetes ordenades per domini. Perqu\u00e8 us sigui m\u00e9s f\u00e0cil trobar les galetes d&#8217;un determinat domini introdu\u00efu parcialment o totalment l&#8217;adre\u00e7a al camp Cerca galetes.<\/span><\/li>\n \t<li class=\"li4\"><span class=\"s1\">Despr\u00e9s de realitzar aquest filtre apareixeran en pantalla una o diverses l\u00ednies amb les galetes del web sol\u00b7licitat. Ara nom\u00e9s heu de seleccionar-la i pr\u00e9mer la X per procedir a la seva eliminaci\u00f3.<\/span><\/li>\n<\/ol>\n<p class=\"p2\"><span class=\"s1\">Per accedir a la configuraci\u00f3 de cookies del navegador Internet Explorer seguiu aquests passos (poden variar en funci\u00f3 de la versi\u00f3 del navegador):<\/span><\/p>\n\n<ol class=\"ol1\">\n \t<li class=\"li4\"><span class=\"s1\">Aneu a Eines, Opcions d&#8217;Internet<\/span><\/li>\n \t<li class=\"li4\"><span class=\"s1\">Feu clic a Privadesa.<\/span><\/li>\n \t<li class=\"li4\"><span class=\"s1\">Moveu el bot\u00f3 lliscant fins a ajustar el nivell de privadesa que vulgueu.<\/span><\/li>\n<\/ol>\n<p class=\"p2\"><span class=\"s1\">Per accedir a la configuraci\u00f3 de cookies del navegador Firefox seguiu aquests passos (poden variar en funci\u00f3 de la versi\u00f3 del navegador):<\/span><\/p>\n\n<ol class=\"ol1\">\n \t<li class=\"li4\"><span class=\"s1\">Aneu a Opcions o Prefer\u00e8ncies segons el vostre sistema operatiu.<\/span><\/li>\n \t<li class=\"li4\"><span class=\"s1\">Feu clic a Privadesa.<\/span><\/li>\n \t<li class=\"li4\"><span class=\"s1\">A Historial trieu Usa una configuraci\u00f3 personalitzada per a l&#8217;historial.<\/span><\/li>\n \t<li class=\"li4\"><span class=\"s1\">Ara veureu l&#8217;opci\u00f3 Acceptar cookies, podeu activar-la o desactivar-la segons les vostres prefer\u00e8ncies.<\/span><\/li>\n<\/ol>\n<p class=\"p2\"><span class=\"s1\">Per accedir a la configuraci\u00f3 de cookies del navegador Safari per a OSX seguiu aquests passos (poden variar en funci\u00f3 de la versi\u00f3 del navegador):<\/span><\/p>\n\n<ol class=\"ol1\">\n \t<li class=\"li4\"><span class=\"s1\">Aneu a Prefer\u00e8ncies, despr\u00e9s Privadesa.<\/span><\/li>\n \t<li class=\"li4\"><span class=\"s1\">En aquest lloc veureu l&#8217;opci\u00f3 Bloquejar cookies perqu\u00e8 ajusti el tipus de bloqueig que voleu realitzar.<\/span><\/li>\n<\/ol>\n<p class=\"p2\"><span class=\"s1\">Per accedir a la configuraci\u00f3 de cookies del navegador Safari per a iOS seguiu aquests passos (poden variar en funci\u00f3 de la versi\u00f3 del navegador):<\/span><\/p>\n\n<ol class=\"ol1\">\n \t<li class=\"li4\"><span class=\"s1\">Aneu a Ajustos, despr\u00e9s Safari.<\/span><\/li>\n \t<li class=\"li4\"><span class=\"s1\">Aneu a Privadesa i Seguretat, veureu l&#8217;opci\u00f3 Bloquejar cookies perqu\u00e8 ajusti el tipus de bloqueig que voleu realitzar.<\/span><\/li>\n<\/ol>\n<p class=\"p2\"><span class=\"s1\">Per accedir a la configuraci\u00f3 de cookies del navegador per a dispositius Android seguiu aquests passos (poden variar en funci\u00f3 de la versi\u00f3 del navegador):<\/span><\/p>\n\n<ol class=\"ol1\">\n \t<li class=\"li4\"><span class=\"s1\">Executeu el navegador i premeu la tecla Men\u00fa, despr\u00e9s Configuraci\u00f3.<\/span><\/li>\n \t<li class=\"li4\"><span class=\"s1\">Aneu a Seguretat i Privadesa, veureu l&#8217;opci\u00f3 Acceptar cookies perqu\u00e8 activeu o desactiveu la casella.<\/span><\/li>\n<\/ol>\n<p class=\"p2\"><span class=\"s1\">Per accedir a la configuraci\u00f3 de cookies del navegador per a dispositius Windows Phone seguiu aquests passos (poden variar en funci\u00f3 de la versi\u00f3 del navegador):<\/span><\/p>\n\n<ol class=\"ol1\">\n \t<li class=\"li4\"><span class=\"s1\">Obriu Internet Explorer, despr\u00e9s M\u00e9s, despr\u00e9s Configuraci\u00f3<\/span><\/li>\n \t<li class=\"li4\"><span class=\"s1\">Ara podeu activar o desactivar la casella Permetre cookies.<\/span><\/li>\n<\/ol>\t\t\t\t\t\t\t\t<\/div>\n\t\t\t\t<\/div>\n\t\t\t\t\t<\/div>\n\t\t<\/div>\n\t\t\t\t\t<\/div>\n\t\t<\/section>\n\t\t\t\t<\/div>\n\t\t","protected":false},"excerpt":{"rendered":"<p>POL\u00cdTICA DE COOKIES Una galeta \u00e9s un petit fitxer de text que s&#8217;emmagatzema al vostre navegador quan visita gaireb\u00e9 qualsevol p\u00e0gina web. La seva utilitat \u00e9s que la web sigui capa\u00e7 de recordar la vostra visita quan torneu a navegar [&hellip;]<\/p>\n","protected":false},"author":1,"featured_media":0,"parent":0,"menu_order":0,"comment_status":"closed","ping_status":"closed","template":"","meta":{"inline_featured_image":false,"footnotes":""},"class_list":["post-5927","page","type-page","status-publish","hentry"],"yoast_head":"<!-- This site is optimized with the Yoast SEO plugin v26.8 - https:\/\/yoast.com\/product\/yoast-seo-wordpress\/ -->\n<title>Pol\u00edtica de Cookies - Tony Estruch<\/title>\n<meta name=\"robots\" content=\"index, follow, max-snippet:-1, max-image-preview:large, max-video-preview:-1\" \/>\n<link rel=\"canonical\" href=\"https:\/\/tonyestruch.com\/ca\/politica-de-cookies\/\" \/>\n<meta property=\"og:locale\" content=\"ca_ES\" \/>\n<meta property=\"og:type\" content=\"article\" \/>\n<meta property=\"og:title\" content=\"Pol\u00edtica de Cookies - Tony Estruch\" \/>\n<meta property=\"og:description\" content=\"POL\u00cdTICA DE COOKIES Una galeta \u00e9s un petit fitxer de text que s&#8217;emmagatzema al vostre navegador quan visita gaireb\u00e9 qualsevol p\u00e0gina web. La seva utilitat \u00e9s que la web sigui capa\u00e7 de recordar la vostra visita quan torneu a navegar [&hellip;]\" \/>\n<meta property=\"og:url\" content=\"https:\/\/tonyestruch.com\/ca\/politica-de-cookies\/\" \/>\n<meta property=\"og:site_name\" content=\"Tony Estruch\" \/>\n<meta property=\"article:modified_time\" content=\"2023-04-28T20:50:05+00:00\" \/>\n<meta name=\"twitter:card\" content=\"summary_large_image\" \/>\n<meta name=\"twitter:label1\" content=\"Temps estimat de lectura\" \/>\n\t<meta name=\"twitter:data1\" content=\"8 minuts\" \/>\n<script type=\"application\/ld+json\" class=\"yoast-schema-graph\">{\"@context\":\"https:\/\/schema.org\",\"@graph\":[{\"@type\":\"WebPage\",\"@id\":\"https:\/\/tonyestruch.com\/ca\/politica-de-cookies\/\",\"url\":\"https:\/\/tonyestruch.com\/ca\/politica-de-cookies\/\",\"name\":\"Pol\u00edtica de Cookies - Tony Estruch\",\"isPartOf\":{\"@id\":\"https:\/\/tonyestruch.com\/ca\/#website\"},\"datePublished\":\"2022-11-28T08:08:07+00:00\",\"dateModified\":\"2023-04-28T20:50:05+00:00\",\"breadcrumb\":{\"@id\":\"https:\/\/tonyestruch.com\/ca\/politica-de-cookies\/#breadcrumb\"},\"inLanguage\":\"ca\",\"potentialAction\":[{\"@type\":\"ReadAction\",\"target\":[\"https:\/\/tonyestruch.com\/ca\/politica-de-cookies\/\"]}]},{\"@type\":\"BreadcrumbList\",\"@id\":\"https:\/\/tonyestruch.com\/ca\/politica-de-cookies\/#breadcrumb\",\"itemListElement\":[{\"@type\":\"ListItem\",\"position\":1,\"name\":\"Portada\",\"item\":\"https:\/\/tonyestruch.com\/ca\/\"},{\"@type\":\"ListItem\",\"position\":2,\"name\":\"Pol\u00edtica de Cookies\"}]},{\"@type\":\"WebSite\",\"@id\":\"https:\/\/tonyestruch.com\/ca\/#website\",\"url\":\"https:\/\/tonyestruch.com\/ca\/\",\"name\":\"Tony Estruch\",\"description\":\"Tony Estruch\",\"publisher\":{\"@id\":\"https:\/\/tonyestruch.com\/ca\/#organization\"},\"potentialAction\":[{\"@type\":\"SearchAction\",\"target\":{\"@type\":\"EntryPoint\",\"urlTemplate\":\"https:\/\/tonyestruch.com\/ca\/?s={search_term_string}\"},\"query-input\":{\"@type\":\"PropertyValueSpecification\",\"valueRequired\":true,\"valueName\":\"search_term_string\"}}],\"inLanguage\":\"ca\"},{\"@type\":\"Organization\",\"@id\":\"https:\/\/tonyestruch.com\/ca\/#organization\",\"name\":\"Tony Estruch\",\"url\":\"https:\/\/tonyestruch.com\/ca\/\",\"logo\":{\"@type\":\"ImageObject\",\"inLanguage\":\"ca\",\"@id\":\"https:\/\/tonyestruch.com\/ca\/#\/schema\/logo\/image\/\",\"url\":\"https:\/\/tonyestruch.com\/wp-content\/uploads\/2022\/09\/logo_ancho.svg\",\"contentUrl\":\"https:\/\/tonyestruch.com\/wp-content\/uploads\/2022\/09\/logo_ancho.svg\",\"width\":466,\"height\":93,\"caption\":\"Tony Estruch\"},\"image\":{\"@id\":\"https:\/\/tonyestruch.com\/ca\/#\/schema\/logo\/image\/\"}}]}<\/script>\n<!-- \/ Yoast SEO plugin. -->","yoast_head_json":{"title":"Pol\u00edtica de Cookies - Tony Estruch","robots":{"index":"index","follow":"follow","max-snippet":"max-snippet:-1","max-image-preview":"max-image-preview:large","max-video-preview":"max-video-preview:-1"},"canonical":"https:\/\/tonyestruch.com\/ca\/politica-de-cookies\/","og_locale":"ca_ES","og_type":"article","og_title":"Pol\u00edtica de Cookies - Tony Estruch","og_description":"POL\u00cdTICA DE COOKIES Una galeta \u00e9s un petit fitxer de text que s&#8217;emmagatzema al vostre navegador quan visita gaireb\u00e9 qualsevol p\u00e0gina web. La seva utilitat \u00e9s que la web sigui capa\u00e7 de recordar la vostra visita quan torneu a navegar [&hellip;]","og_url":"https:\/\/tonyestruch.com\/ca\/politica-de-cookies\/","og_site_name":"Tony Estruch","article_modified_time":"2023-04-28T20:50:05+00:00","twitter_card":"summary_large_image","twitter_misc":{"Temps estimat de lectura":"8 minuts"},"schema":{"@context":"https:\/\/schema.org","@graph":[{"@type":"WebPage","@id":"https:\/\/tonyestruch.com\/ca\/politica-de-cookies\/","url":"https:\/\/tonyestruch.com\/ca\/politica-de-cookies\/","name":"Pol\u00edtica de Cookies - Tony Estruch","isPartOf":{"@id":"https:\/\/tonyestruch.com\/ca\/#website"},"datePublished":"2022-11-28T08:08:07+00:00","dateModified":"2023-04-28T20:50:05+00:00","breadcrumb":{"@id":"https:\/\/tonyestruch.com\/ca\/politica-de-cookies\/#breadcrumb"},"inLanguage":"ca","potentialAction":[{"@type":"ReadAction","target":["https:\/\/tonyestruch.com\/ca\/politica-de-cookies\/"]}]},{"@type":"BreadcrumbList","@id":"https:\/\/tonyestruch.com\/ca\/politica-de-cookies\/#breadcrumb","itemListElement":[{"@type":"ListItem","position":1,"name":"Portada","item":"https:\/\/tonyestruch.com\/ca\/"},{"@type":"ListItem","position":2,"name":"Pol\u00edtica de Cookies"}]},{"@type":"WebSite","@id":"https:\/\/tonyestruch.com\/ca\/#website","url":"https:\/\/tonyestruch.com\/ca\/","name":"Tony Estruch","description":"Tony Estruch","publisher":{"@id":"https:\/\/tonyestruch.com\/ca\/#organization"},"potentialAction":[{"@type":"SearchAction","target":{"@type":"EntryPoint","urlTemplate":"https:\/\/tonyestruch.com\/ca\/?s={search_term_string}"},"query-input":{"@type":"PropertyValueSpecification","valueRequired":true,"valueName":"search_term_string"}}],"inLanguage":"ca"},{"@type":"Organization","@id":"https:\/\/tonyestruch.com\/ca\/#organization","name":"Tony Estruch","url":"https:\/\/tonyestruch.com\/ca\/","logo":{"@type":"ImageObject","inLanguage":"ca","@id":"https:\/\/tonyestruch.com\/ca\/#\/schema\/logo\/image\/","url":"https:\/\/tonyestruch.com\/wp-content\/uploads\/2022\/09\/logo_ancho.svg","contentUrl":"https:\/\/tonyestruch.com\/wp-content\/uploads\/2022\/09\/logo_ancho.svg","width":466,"height":93,"caption":"Tony Estruch"},"image":{"@id":"https:\/\/tonyestruch.com\/ca\/#\/schema\/logo\/image\/"}}]}},"_links":{"self":[{"href":"https:\/\/tonyestruch.com\/ca\/wp-json\/wp\/v2\/pages\/5927","targetHints":{"allow":["GET"]}}],"collection":[{"href":"https:\/\/tonyestruch.com\/ca\/wp-json\/wp\/v2\/pages"}],"about":[{"href":"https:\/\/tonyestruch.com\/ca\/wp-json\/wp\/v2\/types\/page"}],"author":[{"embeddable":true,"href":"https:\/\/tonyestruch.com\/ca\/wp-json\/wp\/v2\/users\/1"}],"replies":[{"embeddable":true,"href":"https:\/\/tonyestruch.com\/ca\/wp-json\/wp\/v2\/comments?post=5927"}],"version-history":[{"count":3,"href":"https:\/\/tonyestruch.com\/ca\/wp-json\/wp\/v2\/pages\/5927\/revisions"}],"predecessor-version":[{"id":6046,"href":"https:\/\/tonyestruch.com\/ca\/wp-json\/wp\/v2\/pages\/5927\/revisions\/6046"}],"wp:attachment":[{"href":"https:\/\/tonyestruch.com\/ca\/wp-json\/wp\/v2\/media?parent=5927"}],"curies":[{"name":"wp","href":"https:\/\/api.w.org\/{rel}","templated":true}]}}